{"id":2,"date":"2010-06-06T23:50:49","date_gmt":"2010-06-06T21:50:49","guid":{"rendered":"http:\/\/blog.pierreeliedepibrac.com\/?page_id=2"},"modified":"2024-06-03T11:05:19","modified_gmt":"2024-06-03T09:05:19","slug":"a-propos","status":"publish","type":"page","link":"https:\/\/blog.pierreeliedepibrac.com\/?page_id=2","title":{"rendered":"\u00c0 Propos : Pierre-Elie de Pibrac"},"content":{"rendered":"<p class=\"p1\">N\u00e9 le 20\/06\/1983 \u00e0 Paris, Pierre-Elie de Pibrac a une approche singuli\u00e8re de la photographie, \u00e0 mi-chemin entre la tradition du reportage humaniste et la photographie plasticienne, chaque projet immersif faisant l\u2019objet d\u2019un important travail de recherche et d\u2019une approche conceptuelle d\u00e9termin\u00e9e par le sujet.<\/p>\n<p class=\"p1\">Nomm\u00e9 <strong>Emerging European Talent<\/strong> par le <a href=\"https:\/\/www.fotomuseum.ch\/de\/\"><strong>Fotomuseum Winterthur<\/strong><\/a> en 2019, Pierre-Elie de Pibrac a b\u00e9n\u00e9fici\u00e9 d\u2019expositions dans de nombreuses institutions en France et \u00e0 l\u2019\u00e9tranger dont au <a href=\"https:\/\/nexushall.chanel.com\/en\/\"><strong>Chanel<\/strong> <strong>NeXus Hall<\/strong><\/a> de Tokyo, aux <a href=\"https:\/\/www.rencontres-arles.com\/\"><strong>Rencontres d\u2019Arles<\/strong><\/a>, \u00e0 <a href=\"https:\/\/www.kyotographie.jp\/\"><strong>Kyotographie<\/strong><\/a>, au <a href=\"https:\/\/planchescontact.fr\/fr\"><strong>Festival Planches Contact<\/strong><\/a> de Deauville, \u00e0 La <a href=\"https:\/\/cubacoop.org\/La-Maison-Victor-Hugo-de-La-Havane\"><strong>Casa Victor Hugo<\/strong><\/a> de la Havane, au <a href=\"https:\/\/museedunouveaumonde.larochelle.fr\/\"><strong>Mus\u00e9e du Nouveau Monde<\/strong><\/a> de la Rochelle ou encore au <a href=\"https:\/\/www.guimet.fr\/fr\"><strong>Mus\u00e9e National des Arts Asiatiques &#8211; Guimet<\/strong><\/a>.<\/p>\n<p class=\"p1\">\u00ab Pour mener \u00e0 bien mes projets, j&rsquo;ai besoin de m&rsquo;immerger profond\u00e9ment dans la vie de ceux que je vais suivre \u00bb explique le photographe. Comme le souligne l\u2019historien de la photographie <a href=\"https:\/\/fr.wikipedia.org\/wiki\/Michel_Poivert\"><strong>Michel<\/strong> <strong>Poivert<\/strong> <\/a>: \u00ab Pierre-Elie de Pibrac fait sienne les valeurs de l\u2019instrument : l\u2019op\u00e9rateur est non seulement visible, mais il co-construit avec la pose et les \u00e9changes un \u00ab dialogue photographique \u00bb avec celui qui livre son image. \u00bb<span class=\"Apple-converted-space\">\u00a0 <\/span><\/p>\n<p class=\"p1\">Passant du noir et blanc \u00e0 la couleur, de l\u2019argentique au num\u00e9rique, Pierre-Elie de Pibrac est en qu\u00eate, pour chacun de ses projets, d\u2019un proc\u00e9d\u00e9 de prise de vue et d\u2019une technique de tirage en totale ad\u00e9quation avec le sujet.<\/p>\n<p class=\"p1\">Il travaille depuis trois ans \u00e0 la pr\u00e9paration d\u2019un nouveau projet immersif en Isra\u00ebl en 2024 et 2025 afin de clore sa trilogie anthropologique et sociale sur la place de l\u2019individu au sein du corps social. Cette trilogie a d\u00e9but\u00e9 \u00e0 Cuba en 2016-2017 avec <a href=\"https:\/\/exb.fr\/fr\/le-catalogue\/389-desmemoria-9782365112437.html\"><strong><i>Desmemoria<\/i><\/strong><\/a> qui a \u00e9t\u00e9 laur\u00e9at du <a href=\"https:\/\/www.cnap.fr\/annuaire\/lieu\/prix-levallois\"><strong>Prix Levallois<\/strong><\/a> en 2018. Le livre \u00e9ponyme aux <a href=\"https:\/\/exb.fr\/fr\/\"><strong>\u00e9ditions Xavier Barral<\/strong><\/a> obtient en 2020 le prix <a href=\"https:\/\/www.prixhip.com\/\"><strong>HIP<\/strong><\/a> du meilleur livre photographique. La deuxi\u00e8me partie, <a href=\"https:\/\/exb.fr\/fr\/le-catalogue\/591-hakanai-sonzai.html\"><strong><i>Hakanai Sonzai <\/i><\/strong><\/a>a \u00e9t\u00e9 r\u00e9alis\u00e9e \u00e0 l\u2019occasion d\u2019un s\u00e9jour de plus de huit mois au Japon entre 2019 et 2020. Ce projet a \u00e9t\u00e9 laur\u00e9at du <a href=\"https:\/\/www.bbc.com\/news\/entertainment-arts-58341080\"><strong>Taylor Wessing Prize<\/strong><\/a> de la <a href=\"https:\/\/www.npg.org.uk\/\"><strong>National Portrait Gallery<\/strong><\/a> de Londres en 2021 et a donn\u00e9 lieu \u00e0 la publication d\u2019un ouvrage publi\u00e9 aux \u00e9ditions <a href=\"https:\/\/exb.fr\/fr\/\"><strong>Atelier EXB<\/strong><\/a>.<\/p>\n<p>Ses \u0153uvres figurent dans de <strong>nombreuses collections<\/strong> publiques et priv\u00e9es dont celles du <a href=\"https:\/\/www.guimet.fr\/fr\"><strong>Mus\u00e9e<\/strong> <strong>Guimet<\/strong><\/a>, du<a href=\"https:\/\/elysee.ch\/\"><strong> Mus\u00e9e de l\u2019Elys\u00e9e de Lausanne<\/strong><\/a>, de la <a href=\"https:\/\/www.npg.org.uk\/\"><strong>National Portrait Gallery de Londres<\/strong><\/a>, de la <a href=\"https:\/\/www.bnf.fr\/fr\"><strong>BNF<\/strong><\/a> \u00e0 Paris, du <strong>Minist\u00e8re des Affaires \u00e9trang\u00e8res<\/strong>, de l\u2019<strong>Alliance Fran\u00e7aise<\/strong> de La Havane, de l\u2019<strong>Institut fran\u00e7ais<\/strong> de Kyoto, de la <strong>Fototeca<\/strong> de Cuba, de la <a href=\"https:\/\/www.collection-bachelot.com\/\"><strong>Collection Bachelot<\/strong><\/a> ou encore de la <a href=\"https:\/\/aperture.org\/\"><strong>Fondation Aperture<\/strong><\/a> \u00e0 New York.<\/p>\n<p class=\"p1\">Pierre-Elie de Pibrac est repr\u00e9sent\u00e9 par l\u2019<a href=\"https:\/\/agencevu.com\/\"><strong>Agence Vu\u2019<\/strong> <\/a>et la Galerie <a href=\"https:\/\/annelaurebuffard.com\/\"><strong>Anne-Laure Buffard<\/strong><\/a>.<\/p>\n","protected":false},"excerpt":{"rendered":"<p>N\u00e9 le 20\/06\/1983 \u00e0 Paris, Pierre-Elie de Pibrac a une approche singuli\u00e8re de la photographie, \u00e0 mi-chemin entre la tradition du reportage humaniste et la photographie plasticienne, chaque projet immersif faisant l\u2019objet d\u2019un important travail de recherche et d\u2019une approche conceptuelle d\u00e9termin\u00e9e par le sujet. Nomm\u00e9 Emerging European Talent par le Fotomuseum Winterthur en 2019, [&hellip;]<\/p>\n","protected":false},"author":1,"featured_media":0,"parent":0,"menu_order":0,"comment_status":"open","ping_status":"open","template":"","meta":{"footnotes":""},"_links":{"self":[{"href":"https:\/\/blog.pierreeliedepibrac.com\/index.php?rest_route=\/wp\/v2\/pages\/2"}],"collection":[{"href":"https:\/\/blog.pierreeliedepibrac.com\/index.php?rest_route=\/wp\/v2\/pages"}],"about":[{"href":"https:\/\/blog.pierreeliedepibrac.com\/index.php?rest_route=\/wp\/v2\/types\/page"}],"author":[{"embeddable":true,"href":"https:\/\/blog.pierreeliedepibrac.com\/index.php?rest_route=\/wp\/v2\/users\/1"}],"replies":[{"embeddable":true,"href":"https:\/\/blog.pierreeliedepibrac.com\/index.php?rest_route=%2Fwp%2Fv2%2Fcomments&post=2"}],"version-history":[{"count":4,"href":"https:\/\/blog.pierreeliedepibrac.com\/index.php?rest_route=\/wp\/v2\/pages\/2\/revisions"}],"predecessor-version":[{"id":4226,"href":"https:\/\/blog.pierreeliedepibrac.com\/index.php?rest_route=\/wp\/v2\/pages\/2\/revisions\/4226"}],"wp:attachment":[{"href":"https:\/\/blog.pierreeliedepibrac.com\/index.php?rest_route=%2Fwp%2Fv2%2Fmedia&parent=2"}],"curies":[{"name":"wp","href":"https:\/\/api.w.org\/{rel}","templated":true}]}}